{"id":120,"date":"2024-01-11T12:35:33","date_gmt":"2024-01-11T12:35:33","guid":{"rendered":"https:\/\/spped.pt\/?page_id=120"},"modified":"2026-01-21T10:06:13","modified_gmt":"2026-01-21T10:06:13","slug":"3-1-porque-tornar-se-associado","status":"publish","type":"page","link":"https:\/\/spped.pt\/?page_id=120","title":{"rendered":"3.1 &#8211; Porqu\u00ea Tornar-se Associado"},"content":{"rendered":"\t\t<div data-elementor-type=\"wp-page\" data-elementor-id=\"120\" class=\"elementor elementor-120\">\n\t\t\t\t<div class=\"has_eae_slider elementor-element elementor-element-7e22ede e-flex e-con-boxed wpr-particle-no wpr-jarallax-no wpr-parallax-no wpr-sticky-section-no e-con e-parent\" data-id=\"7e22ede\" data-element_type=\"container\">\n\t\t\t\t\t<div class=\"e-con-inner\">\n\t\t\t\t<div class=\"elementor-element elementor-element-27ad574 elementor-widget elementor-widget-aux_modern_heading\" data-id=\"27ad574\" data-element_type=\"widget\" data-widget_type=\"aux_modern_heading.default\">\n\t\t\t\t<div class=\"elementor-widget-container\">\n\t\t\t<section class=\"aux-widget-modern-heading\">\n            <div class=\"aux-widget-inner\"><h2 class=\"aux-modern-heading-primary\">Porqu\u00ea tornar-se associado?<\/h2><h3 class=\"aux-modern-heading-secondary\"><span class=\"aux-head-after\">Os benef\u00edcios de tornar-se s\u00f3cio SPPED incluem:<\/span><\/h3><\/div>\n        <\/section>\t\t<\/div>\n\t\t\t\t<\/div>\n\t\t\t\t<div class=\"elementor-element elementor-element-ae73ba3 wpr-feature-list-left wpr-feature-list-square wpr-feature-list-line-yes elementor-widget elementor-widget-wpr-feature-list\" data-id=\"ae73ba3\" data-element_type=\"widget\" data-widget_type=\"wpr-feature-list.default\">\n\t\t\t\t<div class=\"elementor-widget-container\">\n\t\t\t<div class=\"wpr-feature-list-wrap\"><ul class=\"wpr-feature-list\"><li class=\"wpr-feature-list-item elementor-repeater-item-ff84196\"><div class=\"wpr-feature-list-icon-wrap\"><span class=\"wpr-feature-list-line\"><\/span><div class=\"wpr-feature-list-icon-inner-wrap\"><svg aria-hidden=\"true\" class=\"e-font-icon-svg e-fas-money-check-alt\" viewBox=\"0 0 640 512\" xmlns=\"http:\/\/www.w3.org\/2000\/svg\"><path d=\"M608 32H32C14.33 32 0 46.33 0 64v384c0 17.67 14.33 32 32 32h576c17.67 0 32-14.33 32-32V64c0-17.67-14.33-32-32-32zM176 327.88V344c0 4.42-3.58 8-8 8h-16c-4.42 0-8-3.58-8-8v-16.29c-11.29-.58-22.27-4.52-31.37-11.35-3.9-2.93-4.1-8.77-.57-12.14l11.75-11.21c2.77-2.64 6.89-2.76 10.13-.73 3.87 2.42 8.26 3.72 12.82 3.72h28.11c6.5 0 11.8-5.92 11.8-13.19 0-5.95-3.61-11.19-8.77-12.73l-45-13.5c-18.59-5.58-31.58-23.42-31.58-43.39 0-24.52 19.05-44.44 42.67-45.07V152c0-4.42 3.58-8 8-8h16c4.42 0 8 3.58 8 8v16.29c11.29.58 22.27 4.51 31.37 11.35 3.9 2.93 4.1 8.77.57 12.14l-11.75 11.21c-2.77 2.64-6.89 2.76-10.13.73-3.87-2.43-8.26-3.72-12.82-3.72h-28.11c-6.5 0-11.8 5.92-11.8 13.19 0 5.95 3.61 11.19 8.77 12.73l45 13.5c18.59 5.58 31.58 23.42 31.58 43.39 0 24.53-19.05 44.44-42.67 45.07zM416 312c0 4.42-3.58 8-8 8H296c-4.42 0-8-3.58-8-8v-16c0-4.42 3.58-8 8-8h112c4.42 0 8 3.58 8 8v16zm160 0c0 4.42-3.58 8-8 8h-80c-4.42 0-8-3.58-8-8v-16c0-4.42 3.58-8 8-8h80c4.42 0 8 3.58 8 8v16zm0-96c0 4.42-3.58 8-8 8H296c-4.42 0-8-3.58-8-8v-16c0-4.42 3.58-8 8-8h272c4.42 0 8 3.58 8 8v16z\"><\/path><\/svg><\/div><\/div><div class=\"wpr-feature-list-content-wrap\"><h2 class=\"wpr-feature-list-title\"><a class=\"wpr-feature-list-url\" target=\"_blank\" rel=\"nofollow\">Pre\u00e7os de inscri\u00e7\u00e3o reduzidos<\/a><\/h2><p class=\"wpr-feature-list-description\">Pre\u00e7os de inscri\u00e7\u00e3o reduzidos nos eventos de forma\u00e7\u00e3o promovidos pela SPPED, nomeadamente:\n<\/br>\n&emsp; Congresso Bienal SPPED\n<\/br>\n&emsp; Congresso Bienal SPPED Rookies\n<\/br>\n&emsp; Eventos de forma\u00e7\u00e3o cont\u00ednua (SPPEDucation, Study Clubs regionais, entre outros) \n<\/br>\n&emsp; Summer\/Winter Camp<\/p><\/div><\/li><li class=\"wpr-feature-list-item elementor-repeater-item-cf99b73\"><div class=\"wpr-feature-list-icon-wrap\"><span class=\"wpr-feature-list-line\"><\/span><div class=\"wpr-feature-list-icon-inner-wrap\"><svg aria-hidden=\"true\" class=\"e-font-icon-svg e-fas-briefcase\" viewBox=\"0 0 512 512\" xmlns=\"http:\/\/www.w3.org\/2000\/svg\"><path d=\"M320 336c0 8.84-7.16 16-16 16h-96c-8.84 0-16-7.16-16-16v-48H0v144c0 25.6 22.4 48 48 48h416c25.6 0 48-22.4 48-48V288H320v48zm144-208h-80V80c0-25.6-22.4-48-48-48H176c-25.6 0-48 22.4-48 48v48H48c-25.6 0-48 22.4-48 48v80h512v-80c0-25.6-22.4-48-48-48zm-144 0H192V96h128v32z\"><\/path><\/svg><\/div><\/div><div class=\"wpr-feature-list-content-wrap\"><h2 class=\"wpr-feature-list-title\"><a class=\"wpr-feature-list-url\" target=\"_blank\" rel=\"nofollow\">Forma\u00e7\u00e3o online<\/a><\/h2><p class=\"wpr-feature-list-description\">Acesso gratuito exclusivo para associados.<\/p><\/div><\/li><li class=\"wpr-feature-list-item elementor-repeater-item-753e028\"><div class=\"wpr-feature-list-icon-wrap\"><span class=\"wpr-feature-list-line\"><\/span><div class=\"wpr-feature-list-icon-inner-wrap\"><svg aria-hidden=\"true\" class=\"e-font-icon-svg e-fas-pen-nib\" viewBox=\"0 0 512 512\" xmlns=\"http:\/\/www.w3.org\/2000\/svg\"><path d=\"M136.6 138.79a64.003 64.003 0 0 0-43.31 41.35L0 460l14.69 14.69L164.8 324.58c-2.99-6.26-4.8-13.18-4.8-20.58 0-26.51 21.49-48 48-48s48 21.49 48 48-21.49 48-48 48c-7.4 0-14.32-1.81-20.58-4.8L37.31 497.31 52 512l279.86-93.29a64.003 64.003 0 0 0 41.35-43.31L416 224 288 96l-151.4 42.79zm361.34-64.62l-60.11-60.11c-18.75-18.75-49.16-18.75-67.91 0l-56.55 56.55 128.02 128.02 56.55-56.55c18.75-18.75 18.75-49.15 0-67.91z\"><\/path><\/svg><\/div><\/div><div class=\"wpr-feature-list-content-wrap\"><h2 class=\"wpr-feature-list-title\"><a class=\"wpr-feature-list-url\" target=\"_blank\" rel=\"nofollow\">Eventos de sociedades parceiras<\/a><\/h2><p class=\"wpr-feature-list-description\">Condi\u00e7\u00f5es especiais de inscri\u00e7\u00e3o em eventos promovidos por sociedades nacionais e internacionais parceiras da SPPED.<\/p><\/div><\/li><li class=\"wpr-feature-list-item elementor-repeater-item-d0a3aad\"><div class=\"wpr-feature-list-icon-wrap\"><span class=\"wpr-feature-list-line\"><\/span><div class=\"wpr-feature-list-icon-inner-wrap\"><i aria-hidden=\"true\" class=\"auxicon auxicon-book-1\"><\/i><\/div><\/div><div class=\"wpr-feature-list-content-wrap\"><h2 class=\"wpr-feature-list-title\"><a class=\"wpr-feature-list-url\" target=\"_blank\" rel=\"nofollow\">Acesso a conte\u00fados informativos<\/a><\/h2><p class=\"wpr-feature-list-description\">Acesso a conte\u00fados informativos para uso profissional na \u00e1rea reservada de associado.<\/p><\/div><\/li><li class=\"wpr-feature-list-item elementor-repeater-item-b292d0a\"><div class=\"wpr-feature-list-icon-wrap\"><span class=\"wpr-feature-list-line\"><\/span><div class=\"wpr-feature-list-icon-inner-wrap\"><svg aria-hidden=\"true\" class=\"e-font-icon-svg e-fas-piggy-bank\" viewBox=\"0 0 576 512\" xmlns=\"http:\/\/www.w3.org\/2000\/svg\"><path d=\"M560 224h-29.5c-8.8-20-21.6-37.7-37.4-52.5L512 96h-32c-29.4 0-55.4 13.5-73 34.3-7.6-1.1-15.1-2.3-23-2.3H256c-77.4 0-141.9 55-156.8 128H56c-14.8 0-26.5-13.5-23.5-28.8C34.7 215.8 45.4 208 57 208h1c3.3 0 6-2.7 6-6v-20c0-3.3-2.7-6-6-6-28.5 0-53.9 20.4-57.5 48.6C-3.9 258.8 22.7 288 56 288h40c0 52.2 25.4 98.1 64 127.3V496c0 8.8 7.2 16 16 16h64c8.8 0 16-7.2 16-16v-48h128v48c0 8.8 7.2 16 16 16h64c8.8 0 16-7.2 16-16v-80.7c11.8-8.9 22.3-19.4 31.3-31.3H560c8.8 0 16-7.2 16-16V240c0-8.8-7.2-16-16-16zm-128 64c-8.8 0-16-7.2-16-16s7.2-16 16-16 16 7.2 16 16-7.2 16-16 16zM256 96h128c5.4 0 10.7.4 15.9.8 0-.3.1-.5.1-.8 0-53-43-96-96-96s-96 43-96 96c0 2.1.5 4.1.6 6.2 15.2-3.9 31-6.2 47.4-6.2z\"><\/path><\/svg><\/div><\/div><div class=\"wpr-feature-list-content-wrap\"><h2 class=\"wpr-feature-list-title\"><a class=\"wpr-feature-list-url\" target=\"_blank\" rel=\"nofollow\">Pr\u00e9mios \/ Bolsas<\/a><\/h2><p class=\"wpr-feature-list-description\">Acesso a pr\u00e9mios\/bolsas de forma\u00e7\u00e3o e investiga\u00e7\u00e3o na \u00e1rea da Prostodontia e Est\u00e9tica Dent\u00e1ria.<\/p><\/div><\/li><li class=\"wpr-feature-list-item elementor-repeater-item-569251f\"><div class=\"wpr-feature-list-icon-wrap\"><span class=\"wpr-feature-list-line\"><\/span><div class=\"wpr-feature-list-icon-inner-wrap\"><i aria-hidden=\"true\" class=\"auxicon auxicon-file\"><\/i><\/div><\/div><div class=\"wpr-feature-list-content-wrap\"><h2 class=\"wpr-feature-list-title\"><a class=\"wpr-feature-list-url\" target=\"_blank\" rel=\"nofollow\">Enriquecimento curricular<\/a><\/h2><p class=\"wpr-feature-list-description\"><\/p><\/div><\/li><li class=\"wpr-feature-list-item elementor-repeater-item-841f585\"><div class=\"wpr-feature-list-icon-wrap\"><span class=\"wpr-feature-list-line\"><\/span><div class=\"wpr-feature-list-icon-inner-wrap\"><svg aria-hidden=\"true\" class=\"e-font-icon-svg e-fas-users\" viewBox=\"0 0 640 512\" xmlns=\"http:\/\/www.w3.org\/2000\/svg\"><path d=\"M96 224c35.3 0 64-28.7 64-64s-28.7-64-64-64-64 28.7-64 64 28.7 64 64 64zm448 0c35.3 0 64-28.7 64-64s-28.7-64-64-64-64 28.7-64 64 28.7 64 64 64zm32 32h-64c-17.6 0-33.5 7.1-45.1 18.6 40.3 22.1 68.9 62 75.1 109.4h66c17.7 0 32-14.3 32-32v-32c0-35.3-28.7-64-64-64zm-256 0c61.9 0 112-50.1 112-112S381.9 32 320 32 208 82.1 208 144s50.1 112 112 112zm76.8 32h-8.3c-20.8 10-43.9 16-68.5 16s-47.6-6-68.5-16h-8.3C179.6 288 128 339.6 128 403.2V432c0 26.5 21.5 48 48 48h288c26.5 0 48-21.5 48-48v-28.8c0-63.6-51.6-115.2-115.2-115.2zm-223.7-13.4C161.5 263.1 145.6 256 128 256H64c-35.3 0-64 28.7-64 64v32c0 17.7 14.3 32 32 32h65.9c6.3-47.4 34.9-87.3 75.2-109.4z\"><\/path><\/svg><\/div><\/div><div class=\"wpr-feature-list-content-wrap\"><h2 class=\"wpr-feature-list-title\"><a class=\"wpr-feature-list-url\" target=\"_blank\" rel=\"nofollow\">Listagem de associados<\/a><\/h2><p class=\"wpr-feature-list-description\">Inclus\u00e3o na listagem de associados disponibilizada no website da sociedade, pass\u00edvel de ser consultada por colegas e pacientes.<\/p><\/div><\/li><li class=\"wpr-feature-list-item elementor-repeater-item-91fb219\"><div class=\"wpr-feature-list-icon-wrap\"><span class=\"wpr-feature-list-line\"><\/span><div class=\"wpr-feature-list-icon-inner-wrap\"><i aria-hidden=\"true\" class=\"fas fa-star\"><\/i><\/div><\/div><div class=\"wpr-feature-list-content-wrap\"><h2 class=\"wpr-feature-list-title\"><a class=\"wpr-feature-list-url\" target=\"_blank\" rel=\"nofollow\">Acesso priorit\u00e1rio<\/a><\/h2><p class=\"wpr-feature-list-description\">Acesso priorit\u00e1rio a eventos de forma\u00e7\u00e3o ou programas sociais de lota\u00e7\u00e3o reduzida.<\/p><\/div><\/li><li class=\"wpr-feature-list-item elementor-repeater-item-ded853d\"><div class=\"wpr-feature-list-icon-wrap\"><span class=\"wpr-feature-list-line\"><\/span><div class=\"wpr-feature-list-icon-inner-wrap\"><svg aria-hidden=\"true\" class=\"e-font-icon-svg e-fas-id-card\" viewBox=\"0 0 576 512\" xmlns=\"http:\/\/www.w3.org\/2000\/svg\"><path d=\"M528 32H48C21.5 32 0 53.5 0 80v16h576V80c0-26.5-21.5-48-48-48zM0 432c0 26.5 21.5 48 48 48h480c26.5 0 48-21.5 48-48V128H0v304zm352-232c0-4.4 3.6-8 8-8h144c4.4 0 8 3.6 8 8v16c0 4.4-3.6 8-8 8H360c-4.4 0-8-3.6-8-8v-16zm0 64c0-4.4 3.6-8 8-8h144c4.4 0 8 3.6 8 8v16c0 4.4-3.6 8-8 8H360c-4.4 0-8-3.6-8-8v-16zm0 64c0-4.4 3.6-8 8-8h144c4.4 0 8 3.6 8 8v16c0 4.4-3.6 8-8 8H360c-4.4 0-8-3.6-8-8v-16zM176 192c35.3 0 64 28.7 64 64s-28.7 64-64 64-64-28.7-64-64 28.7-64 64-64zM67.1 396.2C75.5 370.5 99.6 352 128 352h8.2c12.3 5.1 25.7 8 39.8 8s27.6-2.9 39.8-8h8.2c28.4 0 52.5 18.5 60.9 44.2 3.2 9.9-5.2 19.8-15.6 19.8H82.7c-10.4 0-18.8-10-15.6-19.8z\"><\/path><\/svg><\/div><\/div><div class=\"wpr-feature-list-content-wrap\"><h2 class=\"wpr-feature-list-title\"><a class=\"wpr-feature-list-url\" target=\"_blank\" rel=\"nofollow\">Elementos identificativos<\/a><\/h2><p class=\"wpr-feature-list-description\">Obten\u00e7\u00e3o de elementos identificativos da condi\u00e7\u00e3o de associado SPPED (pin, cart\u00e3o de associado, ou equivalente).<\/p><\/div><\/li><li class=\"wpr-feature-list-item elementor-repeater-item-b97976b\"><div class=\"wpr-feature-list-icon-wrap\"><span class=\"wpr-feature-list-line\"><\/span><div class=\"wpr-feature-list-icon-inner-wrap\"><i aria-hidden=\"true\" class=\"auxicon auxicon-info\"><\/i><\/div><\/div><div class=\"wpr-feature-list-content-wrap\"><h2 class=\"wpr-feature-list-title\"><a class=\"wpr-feature-list-url\" target=\"_blank\" rel=\"nofollow\">Atividades<\/a><\/h2><p class=\"wpr-feature-list-description\">Informa\u00e7\u00e3o regular sobre as atividades promovidas pela sociedade.<\/p><\/div><\/li><\/ul><\/div>\t\t<\/div>\n\t\t\t\t<\/div>\n\t\t\t\t\t<\/div>\n\t\t\t\t<\/div>\n\t\t<div class=\"has_eae_slider elementor-element elementor-element-16e2f4a e-flex e-con-boxed wpr-particle-no wpr-jarallax-no wpr-parallax-no wpr-sticky-section-no e-con e-parent\" data-id=\"16e2f4a\" data-element_type=\"container\">\n\t\t\t\t\t<div class=\"e-con-inner\">\n\t\t\t\t<div class=\"elementor-element elementor-element-906c975 elementor-widget elementor-widget-aux_modern_heading\" data-id=\"906c975\" data-element_type=\"widget\" data-widget_type=\"aux_modern_heading.default\">\n\t\t\t\t<div class=\"elementor-widget-container\">\n\t\t\t<section class=\"aux-widget-modern-heading\">\n            <div class=\"aux-widget-inner\"><h2 class=\"aux-modern-heading-primary\">Tabela de custos:<\/h2><\/div>\n        <\/section>\t\t<\/div>\n\t\t\t\t<\/div>\n\t\t\t\t\t<\/div>\n\t\t\t\t<\/div>\n\t\t<div class=\"has_eae_slider elementor-element elementor-element-3d9725d e-flex e-con-boxed wpr-particle-no wpr-jarallax-no wpr-parallax-no wpr-sticky-section-no e-con e-parent\" data-id=\"3d9725d\" data-element_type=\"container\">\n\t\t\t\t\t<div class=\"e-con-inner\">\n\t\t\t\t<div class=\"elementor-element elementor-element-cf8409d elementor-widget__width-initial elementor-widget-tablet__width-initial wpr-pricing-table-animation-none wpr-pricing-table-heading-center elementor-widget elementor-widget-wpr-pricing-table\" data-id=\"cf8409d\" data-element_type=\"widget\" data-widget_type=\"wpr-pricing-table.default\">\n\t\t\t\t<div class=\"elementor-widget-container\">\n\t\t\t\n\t<div class=\"wpr-pricing-table\">\n\t\t\n\t\t\t<div class=\"elementor-repeater-item-61f8634 wpr-pricing-table-item wpr-pricing-table-heading wpr-pricing-table-item-first\">\t\t\n\t\t\t\n\t\t\t\n\t\t\t\t<div class=\"wpr-pricing-table-headding-inner\">\n\t\t\t\n\t\t\t\t\t\t\t\t\t\t\t<div class=\"wpr-pricing-table-icon\">\n\t\t\t\t\t\t\t<i class=\"far fa-gem\"><\/i>\n\t\t\t\t\t\t<\/div>\n\t\t\t\t\t\n\t\t\t\t\t\t\t\t\t\t\t<div class=\"wpr-pricing-table-title-wrap\">\n\t\t\t\t\t\t\t\t\n\t\t\t\t\t\t\t\t<h3 class=\"wpr-pricing-table-title\">Estudante<\/h3>\n\t\t\t\t\t\t\t\n\t\t\t\t\t\t\t\t\t\t\t\t\t<\/div>\n\t\t\t\t\t\t\t\t\t<\/div>\t\t\n\t\t\n\t\t\t\n\t\t\t<\/div>\n\t\t\t\n\t\t\t<div class=\"elementor-repeater-item-d40d0d0 wpr-pricing-table-item wpr-pricing-table-price wpr-pricing-table-item-last\">\t\t\n\t\t\t\n\t\t\t\n\t\t\t\t<div class=\"wpr-pricing-table-price-inner\">\n\t\t\t\t\t\n\t\t\t\t\t<span class=\"wpr-pricing-table-currency\">&#128;<\/span>\t\t\t\t\t\n\t\t\t\t\t\t\n\t\t\t\t\t\t<span class=\"wpr-pricing-table-main-price\">00<\/span>\n\t\t\t\t\t\n\t\t\t\t\t\t\n\t\t\t\t\t\t<span class=\"wpr-pricing-table-sub-price\">00<\/span>\n\t\t\t\t\t\n\t\t\t\t\t\n\t\t\t\t\t\t\t\t\t<\/div>\n\n\t\t\t\t\t\n\t\t\t\t\t<div class=\"wpr-pricing-table-preiod\">\/Ano<\/div>\n\t\t\t\t\t\t\n\t\t\t\n\t\t\t<\/div>\n\t\t\t\t<\/div>\n\n\t\t\t<\/div>\n\t\t\t\t<\/div>\n\t\t\t\t<div class=\"elementor-element elementor-element-569a9e1 elementor-widget__width-initial wpr-pricing-table-animation-none wpr-pricing-table-heading-center elementor-widget elementor-widget-wpr-pricing-table\" data-id=\"569a9e1\" data-element_type=\"widget\" data-widget_type=\"wpr-pricing-table.default\">\n\t\t\t\t<div class=\"elementor-widget-container\">\n\t\t\t\n\t<div class=\"wpr-pricing-table\">\n\t\t\n\t\t\t<div class=\"elementor-repeater-item-61f8634 wpr-pricing-table-item wpr-pricing-table-heading wpr-pricing-table-item-first\">\t\t\n\t\t\t\n\t\t\t\n\t\t\t\t<div class=\"wpr-pricing-table-headding-inner\">\n\t\t\t\n\t\t\t\t\t\t\t\t\t\t\t<div class=\"wpr-pricing-table-icon\">\n\t\t\t\t\t\t\t<i class=\"far fa-gem\"><\/i>\n\t\t\t\t\t\t<\/div>\n\t\t\t\t\t\n\t\t\t\t\t\t\t\t\t\t\t<div class=\"wpr-pricing-table-title-wrap\">\n\t\t\t\t\t\t\t\t\n\t\t\t\t\t\t\t\t<h3 class=\"wpr-pricing-table-title\">M\u00e9dico Dentista<\/h3>\n\t\t\t\t\t\t\t\n\t\t\t\t\t\t\t\t\t\t\t\t\t<\/div>\n\t\t\t\t\t\t\t\t\t<\/div>\t\t\n\t\t\n\t\t\t\n\t\t\t<\/div>\n\t\t\t\n\t\t\t<div class=\"elementor-repeater-item-d40d0d0 wpr-pricing-table-item wpr-pricing-table-price wpr-pricing-table-item-last\">\t\t\n\t\t\t\n\t\t\t\n\t\t\t\t<div class=\"wpr-pricing-table-price-inner\">\n\t\t\t\t\t\n\t\t\t\t\t<span class=\"wpr-pricing-table-currency\">&#128;<\/span>\t\t\t\t\t\n\t\t\t\t\t\t\n\t\t\t\t\t\t<span class=\"wpr-pricing-table-main-price\">50<\/span>\n\t\t\t\t\t\n\t\t\t\t\t\t\n\t\t\t\t\t\t<span class=\"wpr-pricing-table-sub-price\">00<\/span>\n\t\t\t\t\t\n\t\t\t\t\t\n\t\t\t\t\t\t\t\t\t<\/div>\n\n\t\t\t\t\t\n\t\t\t\t\t<div class=\"wpr-pricing-table-preiod\">\/Ano<\/div>\n\t\t\t\t\t\t\n\t\t\t\n\t\t\t<\/div>\n\t\t\t\t<\/div>\n\n\t\t\t<\/div>\n\t\t\t\t<\/div>\n\t\t\t\t<div class=\"elementor-element elementor-element-cebaa8c elementor-widget__width-initial wpr-pricing-table-animation-none wpr-pricing-table-heading-center elementor-widget elementor-widget-wpr-pricing-table\" data-id=\"cebaa8c\" data-element_type=\"widget\" data-widget_type=\"wpr-pricing-table.default\">\n\t\t\t\t<div class=\"elementor-widget-container\">\n\t\t\t\n\t<div class=\"wpr-pricing-table\">\n\t\t\n\t\t\t<div class=\"elementor-repeater-item-61f8634 wpr-pricing-table-item wpr-pricing-table-heading wpr-pricing-table-item-first\">\t\t\n\t\t\t\n\t\t\t\n\t\t\t\t<div class=\"wpr-pricing-table-headding-inner\">\n\t\t\t\n\t\t\t\t\t\t\t\t\t\t\t<div class=\"wpr-pricing-table-icon\">\n\t\t\t\t\t\t\t<i class=\"far fa-gem\"><\/i>\n\t\t\t\t\t\t<\/div>\n\t\t\t\t\t\n\t\t\t\t\t\t\t\t\t\t\t<div class=\"wpr-pricing-table-title-wrap\">\n\t\t\t\t\t\t\t\t\n\t\t\t\t\t\t\t\t<h3 class=\"wpr-pricing-table-title\">M\u00e9dico Estomatologista<\/h3>\n\t\t\t\t\t\t\t\n\t\t\t\t\t\t\t\t\t\t\t\t\t<\/div>\n\t\t\t\t\t\t\t\t\t<\/div>\t\t\n\t\t\n\t\t\t\n\t\t\t<\/div>\n\t\t\t\n\t\t\t<div class=\"elementor-repeater-item-d40d0d0 wpr-pricing-table-item wpr-pricing-table-price wpr-pricing-table-item-last\">\t\t\n\t\t\t\n\t\t\t\n\t\t\t\t<div class=\"wpr-pricing-table-price-inner\">\n\t\t\t\t\t\n\t\t\t\t\t<span class=\"wpr-pricing-table-currency\">&#128;<\/span>\t\t\t\t\t\n\t\t\t\t\t\t\n\t\t\t\t\t\t<span class=\"wpr-pricing-table-main-price\">50<\/span>\n\t\t\t\t\t\n\t\t\t\t\t\t\n\t\t\t\t\t\t<span class=\"wpr-pricing-table-sub-price\">00<\/span>\n\t\t\t\t\t\n\t\t\t\t\t\n\t\t\t\t\t\t\t\t\t<\/div>\n\n\t\t\t\t\t\n\t\t\t\t\t<div class=\"wpr-pricing-table-preiod\">\/Ano<\/div>\n\t\t\t\t\t\t\n\t\t\t\n\t\t\t<\/div>\n\t\t\t\t<\/div>\n\n\t\t\t<\/div>\n\t\t\t\t<\/div>\n\t\t\t\t<div class=\"elementor-element elementor-element-8e3fd75 elementor-widget__width-initial wpr-pricing-table-animation-none wpr-pricing-table-heading-center elementor-widget elementor-widget-wpr-pricing-table\" data-id=\"8e3fd75\" data-element_type=\"widget\" data-widget_type=\"wpr-pricing-table.default\">\n\t\t\t\t<div class=\"elementor-widget-container\">\n\t\t\t\n\t<div class=\"wpr-pricing-table\">\n\t\t\n\t\t\t<div class=\"elementor-repeater-item-61f8634 wpr-pricing-table-item wpr-pricing-table-heading wpr-pricing-table-item-first\">\t\t\n\t\t\t\n\t\t\t\n\t\t\t\t<div class=\"wpr-pricing-table-headding-inner\">\n\t\t\t\n\t\t\t\t\t\t\t\t\t\t\t<div class=\"wpr-pricing-table-icon\">\n\t\t\t\t\t\t\t<i class=\"far fa-gem\"><\/i>\n\t\t\t\t\t\t<\/div>\n\t\t\t\t\t\n\t\t\t\t\t\t\t\t\t\t\t<div class=\"wpr-pricing-table-title-wrap\">\n\t\t\t\t\t\t\t\t\n\t\t\t\t\t\t\t\t<h3 class=\"wpr-pricing-table-title\">Cirurgi\u00e3o Maxilofacial<\/h3>\n\t\t\t\t\t\t\t\n\t\t\t\t\t\t\t\t\t\t\t\t\t<\/div>\n\t\t\t\t\t\t\t\t\t<\/div>\t\t\n\t\t\n\t\t\t\n\t\t\t<\/div>\n\t\t\t\n\t\t\t<div class=\"elementor-repeater-item-d40d0d0 wpr-pricing-table-item wpr-pricing-table-price wpr-pricing-table-item-last\">\t\t\n\t\t\t\n\t\t\t\n\t\t\t\t<div class=\"wpr-pricing-table-price-inner\">\n\t\t\t\t\t\n\t\t\t\t\t<span class=\"wpr-pricing-table-currency\">&#128;<\/span>\t\t\t\t\t\n\t\t\t\t\t\t\n\t\t\t\t\t\t<span class=\"wpr-pricing-table-main-price\">50<\/span>\n\t\t\t\t\t\n\t\t\t\t\t\t\n\t\t\t\t\t\t<span class=\"wpr-pricing-table-sub-price\">00<\/span>\n\t\t\t\t\t\n\t\t\t\t\t\n\t\t\t\t\t\t\t\t\t<\/div>\n\n\t\t\t\t\t\n\t\t\t\t\t<div class=\"wpr-pricing-table-preiod\">\/Ano<\/div>\n\t\t\t\t\t\t\n\t\t\t\n\t\t\t<\/div>\n\t\t\t\t<\/div>\n\n\t\t\t<\/div>\n\t\t\t\t<\/div>\n\t\t\t\t<div class=\"elementor-element elementor-element-30cef89 elementor-widget__width-initial wpr-pricing-table-animation-none wpr-pricing-table-heading-center elementor-widget elementor-widget-wpr-pricing-table\" data-id=\"30cef89\" data-element_type=\"widget\" data-widget_type=\"wpr-pricing-table.default\">\n\t\t\t\t<div class=\"elementor-widget-container\">\n\t\t\t\n\t<div class=\"wpr-pricing-table\">\n\t\t\n\t\t\t<div class=\"elementor-repeater-item-61f8634 wpr-pricing-table-item wpr-pricing-table-heading wpr-pricing-table-item-first\">\t\t\n\t\t\t\n\t\t\t\n\t\t\t\t<div class=\"wpr-pricing-table-headding-inner\">\n\t\t\t\n\t\t\t\t\t\t\t\t\t\t\t<div class=\"wpr-pricing-table-icon\">\n\t\t\t\t\t\t\t<i class=\"far fa-gem\"><\/i>\n\t\t\t\t\t\t<\/div>\n\t\t\t\t\t\n\t\t\t\t\t\t\t\t\t\t\t<div class=\"wpr-pricing-table-title-wrap\">\n\t\t\t\t\t\t\t\t\n\t\t\t\t\t\t\t\t<h3 class=\"wpr-pricing-table-title\">T\u00e9cnico de Pr\u00f3tese Dent\u00e1ria<\/h3>\n\t\t\t\t\t\t\t\n\t\t\t\t\t\t\t\t\t\t\t\t\t<\/div>\n\t\t\t\t\t\t\t\t\t<\/div>\t\t\n\t\t\n\t\t\t\n\t\t\t<\/div>\n\t\t\t\n\t\t\t<div class=\"elementor-repeater-item-d40d0d0 wpr-pricing-table-item wpr-pricing-table-price wpr-pricing-table-item-last\">\t\t\n\t\t\t\n\t\t\t\n\t\t\t\t<div class=\"wpr-pricing-table-price-inner\">\n\t\t\t\t\t\n\t\t\t\t\t<span class=\"wpr-pricing-table-currency\">&#128;<\/span>\t\t\t\t\t\n\t\t\t\t\t\t\n\t\t\t\t\t\t<span class=\"wpr-pricing-table-main-price\">50<\/span>\n\t\t\t\t\t\n\t\t\t\t\t\t\n\t\t\t\t\t\t<span class=\"wpr-pricing-table-sub-price\">00<\/span>\n\t\t\t\t\t\n\t\t\t\t\t\n\t\t\t\t\t\t\t\t\t<\/div>\n\n\t\t\t\t\t\n\t\t\t\t\t<div class=\"wpr-pricing-table-preiod\">\/Ano<\/div>\n\t\t\t\t\t\t\n\t\t\t\n\t\t\t<\/div>\n\t\t\t\t<\/div>\n\n\t\t\t<\/div>\n\t\t\t\t<\/div>\n\t\t\t\t\t<\/div>\n\t\t\t\t<\/div>\n\t\t<div class=\"has_eae_slider elementor-element elementor-element-b205224 e-flex e-con-boxed wpr-particle-no wpr-jarallax-no wpr-parallax-no wpr-sticky-section-no e-con e-parent\" data-id=\"b205224\" data-element_type=\"container\">\n\t\t\t\t\t<div class=\"e-con-inner\">\n\t\t\t\t<div class=\"elementor-element elementor-element-215c440 elementor-widget elementor-widget-aux_button\" data-id=\"215c440\" data-element_type=\"widget\" data-widget_type=\"aux_button.default\">\n\t\t\t\t<div class=\"elementor-widget-container\">\n\t\t\t<a  href=\"https:\/\/spped.pt\/?page_id=121\" target=\"_self\"   class=\"aux-button aux-medium aux-carmine-pink aux-round aux-none aux-uppercase\" ><span class=\"aux-overlay\"><\/span><span class=\"aux-text\">Inscri\u00e7\u00e3o<\/span><\/a>\t\t<\/div>\n\t\t\t\t<\/div>\n\t\t\t\t\t<\/div>\n\t\t\t\t<\/div>\n\t\t\t\t<\/div>\n\t\t","protected":false},"excerpt":{"rendered":"<p>Porqu\u00ea tornar-se associado? Os benef\u00edcios de tornar-se s\u00f3cio SPPED incluem: Pre\u00e7os de inscri\u00e7\u00e3o reduzidos Pre\u00e7os de inscri\u00e7\u00e3o reduzidos nos eventos de forma\u00e7\u00e3o promovidos pela SPPED, nomeadamente: &emsp; Congresso Bienal SPPED &emsp; Congresso Bienal SPPED Rookies &emsp; Eventos de forma\u00e7\u00e3o cont\u00ednua (SPPEDucation, Study Clubs regionais, entre outros) &emsp; Summer\/Winter Camp Forma\u00e7\u00e3o online Acesso gratuito exclusivo para associados. Eventos de sociedades parceiras Condi\u00e7\u00f5es especiais de inscri\u00e7\u00e3o em eventos promovidos por sociedades nacionais e internacionais parceiras da SPPED. Acesso a conte\u00fados informativos Acesso a conte\u00fados informativos para uso profissional na \u00e1rea reservada de associado. Pr\u00e9mios \/ Bolsas Acesso a pr\u00e9mios\/bolsas de forma\u00e7\u00e3o e investiga\u00e7\u00e3o na \u00e1rea da Prostodontia e Est\u00e9tica Dent\u00e1ria. Enriquecimento curricular Listagem de associados Inclus\u00e3o na listagem de associados disponibilizada no website da sociedade, pass\u00edvel de ser consultada por colegas e pacientes. Acesso priorit\u00e1rio Acesso priorit\u00e1rio a eventos de forma\u00e7\u00e3o ou programas sociais de lota\u00e7\u00e3o reduzida. Elementos identificativos Obten\u00e7\u00e3o de elementos identificativos da condi\u00e7\u00e3o de associado SPPED (pin, cart\u00e3o de associado, ou equivalente). Atividades Informa\u00e7\u00e3o regular sobre as atividades promovidas pela sociedade. Tabela de custos: Estudante &#8364; 00 00 \/Ano M\u00e9dico Dentista &#8364; 50 00 \/Ano M\u00e9dico Estomatologista &#8364; 50 00 \/Ano Cirurgi\u00e3o Maxilofacial &#8364; 50 00 \/Ano T\u00e9cnico de Pr\u00f3tese Dent\u00e1ria &#8364; 50 00 \/Ano Inscri\u00e7\u00e3o<\/p>\n","protected":false},"author":1,"featured_media":0,"parent":0,"menu_order":0,"comment_status":"closed","ping_status":"closed","template":"","meta":{"footnotes":""},"class_list":["post-120","page","type-page","status-publish","hentry"],"_links":{"self":[{"href":"https:\/\/spped.pt\/index.php?rest_route=\/wp\/v2\/pages\/120","targetHints":{"allow":["GET"]}}],"collection":[{"href":"https:\/\/spped.pt\/index.php?rest_route=\/wp\/v2\/pages"}],"about":[{"href":"https:\/\/spped.pt\/index.php?rest_route=\/wp\/v2\/types\/page"}],"author":[{"embeddable":true,"href":"https:\/\/spped.pt\/index.php?rest_route=\/wp\/v2\/users\/1"}],"replies":[{"embeddable":true,"href":"https:\/\/spped.pt\/index.php?rest_route=%2Fwp%2Fv2%2Fcomments&post=120"}],"version-history":[{"count":34,"href":"https:\/\/spped.pt\/index.php?rest_route=\/wp\/v2\/pages\/120\/revisions"}],"predecessor-version":[{"id":7787,"href":"https:\/\/spped.pt\/index.php?rest_route=\/wp\/v2\/pages\/120\/revisions\/7787"}],"wp:attachment":[{"href":"https:\/\/spped.pt\/index.php?rest_route=%2Fwp%2Fv2%2Fmedia&parent=120"}],"curies":[{"name":"wp","href":"https:\/\/api.w.org\/{rel}","templated":true}]}}