{"id":7723,"date":"2026-01-05T23:38:25","date_gmt":"2026-01-05T23:38:25","guid":{"rendered":"https:\/\/spped.pt\/?page_id=7723"},"modified":"2026-01-05T23:47:42","modified_gmt":"2026-01-05T23:47:42","slug":"study-clubs-copy","status":"publish","type":"page","link":"https:\/\/spped.pt\/?page_id=7723","title":{"rendered":"INFORMA\u00c7\u00d5ES"},"content":{"rendered":"\t\t<div data-elementor-type=\"wp-page\" data-elementor-id=\"7723\" class=\"elementor elementor-7723\">\n\t\t\t\t<div class=\"has_eae_slider elementor-element elementor-element-8a732af e-flex e-con-boxed wpr-particle-no wpr-jarallax-no wpr-parallax-no wpr-sticky-section-no e-con e-parent\" data-id=\"8a732af\" data-element_type=\"container\">\n\t\t\t\t\t<div class=\"e-con-inner\">\n\t\t\t\t<div class=\"elementor-element elementor-element-d17353d elementor-widget elementor-widget-heading\" data-id=\"d17353d\" data-element_type=\"widget\" data-widget_type=\"heading.default\">\n\t\t\t\t<div class=\"elementor-widget-container\">\n\t\t\t<style>\/*! elementor - v3.23.0 - 05-08-2024 *\/\n.elementor-heading-title{padding:0;margin:0;line-height:1}.elementor-widget-heading .elementor-heading-title[class*=elementor-size-]>a{color:inherit;font-size:inherit;line-height:inherit}.elementor-widget-heading .elementor-heading-title.elementor-size-small{font-size:15px}.elementor-widget-heading .elementor-heading-title.elementor-size-medium{font-size:19px}.elementor-widget-heading .elementor-heading-title.elementor-size-large{font-size:29px}.elementor-widget-heading .elementor-heading-title.elementor-size-xl{font-size:39px}.elementor-widget-heading .elementor-heading-title.elementor-size-xxl{font-size:59px}<\/style><h2 class=\"elementor-heading-title elementor-size-default\">INFORMA\u00c7\u00d5ES<\/h2>\t\t<\/div>\n\t\t\t\t<\/div>\n\t\t\t\t\t<\/div>\n\t\t\t\t<\/div>\n\t\t<div class=\"has_eae_slider elementor-element elementor-element-2cce140 e-flex e-con-boxed wpr-particle-no wpr-jarallax-no wpr-parallax-no wpr-sticky-section-no e-con e-parent\" data-id=\"2cce140\" data-element_type=\"container\">\n\t\t\t\t\t<div class=\"e-con-inner\">\n\t\t\t\t<div class=\"elementor-element elementor-element-213ebeb elementor-widget elementor-widget-text-editor\" data-id=\"213ebeb\" data-element_type=\"widget\" data-widget_type=\"text-editor.default\">\n\t\t\t\t<div class=\"elementor-widget-container\">\n\t\t\t<style>\/*! elementor - v3.23.0 - 05-08-2024 *\/\n.elementor-widget-text-editor.elementor-drop-cap-view-stacked .elementor-drop-cap{background-color:#69727d;color:#fff}.elementor-widget-text-editor.elementor-drop-cap-view-framed .elementor-drop-cap{color:#69727d;border:3px solid;background-color:transparent}.elementor-widget-text-editor:not(.elementor-drop-cap-view-default) .elementor-drop-cap{margin-top:8px}.elementor-widget-text-editor:not(.elementor-drop-cap-view-default) .elementor-drop-cap-letter{width:1em;height:1em}.elementor-widget-text-editor .elementor-drop-cap{float:left;text-align:center;line-height:1;font-size:50px}.elementor-widget-text-editor .elementor-drop-cap-letter{display:inline-block}<\/style>\t\t\t\t<p style=\"text-align: center;\"><em>\u00a0<\/em><\/p><p style=\"text-align: center;\"><em>\u00a0<\/em><\/p><p style=\"text-align: center;\"><em>Estimados Colegas membros da SPPED.<\/em><\/p><p>\u00a0<\/p><p style=\"text-align: center;\"><em>Esperamos que tenham tido umas boas festas e desejamos a todos um excelente 2026.<\/em><\/p><p style=\"text-align: center;\">\u00a0<\/p><p style=\"text-align: center;\"><em>Brevemente iremos proceder ao envio de uma convocat\u00f3ria para uma assembleia geral ordin\u00e1ria de 2026 a realizar no in\u00edcio de Fevereiro.<\/em><\/p><p style=\"text-align: center;\"><em>Neste contexto, podemos j\u00e1 adiantar que iremos incluir na ordem de trabalhos pontos relacionados com o relat\u00f3rio de contas de 2025, o plano de atividades de 2026 e os estatutos da SPPED (pretendemos, por agora, estimular uma reflex\u00e3o\/discuss\u00e3o abrangente sobre a oportunidade de os melhorar), para al\u00e9m de informa\u00e7\u00f5es diversas. <\/em><\/p><p style=\"text-align: center;\"><em>Por conseguinte, a mesa da Assembleia Geral gostaria desde j\u00e1 de informar os Colegas que entendam existir outros pontos importantes para a nossa Sociedade que gostariam de ver plasmados na ordem de trabalhos das nossas Assembleias Gerais que, para al\u00e9m dos demais mecanismos previstos nos estatutos, podem tamb\u00e9m de uma forma simples propor a sua incorpora\u00e7\u00e3o \u00e0 Mesa da Assembleia que a apreciar\u00e1 em conformidade antes do envio da respetiva convocat\u00f3ria.\u00a0<\/em><\/p><p style=\"text-align: center;\">\u00a0<\/p><p style=\"text-align: center;\"><em>Com os melhores cumprimentos<\/em><\/p><p style=\"text-align: center;\"><em>\u00a0A Mesa da Assembleia Geral da SPPED<\/em><\/p><p style=\"text-align: center;\"><em>\u00a0<\/em><\/p><p style=\"text-align: center;\"><em>Nota importante: os contactos com sugest\u00f5es devem ser enviados para: <\/em><em><a href=\"mailto:secretariado@spped.pt\">secretariado@spped.pt<\/a>\u00a0<\/em><\/p>\t\t\t\t\t\t<\/div>\n\t\t\t\t<\/div>\n\t\t\t\t\t<\/div>\n\t\t\t\t<\/div>\n\t\t\t\t<\/div>\n\t\t","protected":false},"excerpt":{"rendered":"<p>INFORMA\u00c7\u00d5ES \u00a0 \u00a0 Estimados Colegas membros da SPPED. \u00a0 Esperamos que tenham tido umas boas festas e desejamos a todos um excelente 2026. \u00a0 Brevemente iremos proceder ao envio de uma convocat\u00f3ria para uma assembleia geral ordin\u00e1ria de 2026 a realizar no in\u00edcio de Fevereiro. Neste contexto, podemos j\u00e1 adiantar que iremos incluir na ordem de trabalhos pontos relacionados com o relat\u00f3rio de contas de 2025, o plano de atividades de 2026 e os estatutos da SPPED (pretendemos, por agora, estimular uma reflex\u00e3o\/discuss\u00e3o abrangente sobre a oportunidade de os melhorar), para al\u00e9m de informa\u00e7\u00f5es diversas. Por conseguinte, a mesa da Assembleia Geral gostaria desde j\u00e1 de informar os Colegas que entendam existir outros pontos importantes para a nossa Sociedade que gostariam de ver plasmados na ordem de trabalhos das nossas Assembleias Gerais que, para al\u00e9m dos demais mecanismos previstos nos estatutos, podem tamb\u00e9m de uma forma simples propor a sua incorpora\u00e7\u00e3o \u00e0 Mesa da Assembleia que a apreciar\u00e1 em conformidade antes do envio da respetiva convocat\u00f3ria.\u00a0 \u00a0 Com os melhores cumprimentos \u00a0A Mesa da Assembleia Geral da SPPED \u00a0 Nota importante: os contactos com sugest\u00f5es devem ser enviados para: secretariado@spped.pt\u00a0<\/p>\n","protected":false},"author":1,"featured_media":0,"parent":0,"menu_order":0,"comment_status":"closed","ping_status":"closed","template":"","meta":{"footnotes":""},"class_list":["post-7723","page","type-page","status-publish","hentry"],"_links":{"self":[{"href":"https:\/\/spped.pt\/index.php?rest_route=\/wp\/v2\/pages\/7723","targetHints":{"allow":["GET"]}}],"collection":[{"href":"https:\/\/spped.pt\/index.php?rest_route=\/wp\/v2\/pages"}],"about":[{"href":"https:\/\/spped.pt\/index.php?rest_route=\/wp\/v2\/types\/page"}],"author":[{"embeddable":true,"href":"https:\/\/spped.pt\/index.php?rest_route=\/wp\/v2\/users\/1"}],"replies":[{"embeddable":true,"href":"https:\/\/spped.pt\/index.php?rest_route=%2Fwp%2Fv2%2Fcomments&post=7723"}],"version-history":[{"count":28,"href":"https:\/\/spped.pt\/index.php?rest_route=\/wp\/v2\/pages\/7723\/revisions"}],"predecessor-version":[{"id":7752,"href":"https:\/\/spped.pt\/index.php?rest_route=\/wp\/v2\/pages\/7723\/revisions\/7752"}],"wp:attachment":[{"href":"https:\/\/spped.pt\/index.php?rest_route=%2Fwp%2Fv2%2Fmedia&parent=7723"}],"curies":[{"name":"wp","href":"https:\/\/api.w.org\/{rel}","templated":true}]}}